{"id":3547,"date":"2024-07-11T12:34:04","date_gmt":"2024-07-11T12:34:04","guid":{"rendered":"https:\/\/veoautovaruosad.ee\/?post_type=product&#038;p=3547"},"modified":"2024-07-11T12:38:01","modified_gmt":"2024-07-11T12:38:01","slug":"scania-p310-4x2-2004-a-euro3","status":"publish","type":"product","link":"https:\/\/veoautovaruosad.ee\/fi\/toode\/scania-p310-4x2-2004-a-euro3\/","title":{"rendered":"Scania P310, 4X2, 2004.a. Euro3 Manual"},"content":{"rendered":"","protected":false},"excerpt":{"rendered":"<p>Mootor DC9 11 310hp<br \/>\nK\u00e4igukast GR801 manual<br \/>\nReduktor R660 3,42<\/p>\n<p>FURGOONI M\u00d5\u00d5DUD:<br \/>\nPikkus 7500mm<br \/>\nK\u00f5rgus 2500mm<br \/>\nLaius 2500mm<\/p>\n","protected":false},"featured_media":3560,"template":"","meta":[],"product_cat":[68],"product_tag":[],"class_list":{"0":"post-3547","1":"product","2":"type-product","3":"status-publish","4":"has-post-thumbnail","6":"product_cat-tehnika-varuosadeks","8":"first","9":"instock","10":"taxable","11":"shipping-taxable","12":"product-type-simple"},"acf":[],"yoast_head":"<!-- This site is optimized with the Yoast SEO plugin v20.6 - https:\/\/yoast.com\/wordpress\/plugins\/seo\/ -->\n<title>Scania P310, 4X2, 2004.a. Euro3 Manual - VptGrupp<\/title>\n<meta name=\"robots\" content=\"index, follow, max-snippet:-1, max-image-preview:large, max-video-preview:-1\" \/>\n<link rel=\"canonical\" href=\"https:\/\/veoautovaruosad.ee\/fi\/toode\/scania-p310-4x2-2004-a-euro3\/\" \/>\n<meta property=\"og:locale\" content=\"fi_FI\" \/>\n<meta property=\"og:type\" content=\"article\" \/>\n<meta property=\"og:title\" content=\"Scania P310, 4X2, 2004.a. Euro3 Manual - VptGrupp\" \/>\n<meta property=\"og:description\" content=\"Mootor DC9 11 310hp K\u00e4igukast GR801 manual Reduktor R660 3,42  FURGOONI M\u00d5\u00d5DUD: Pikkus 7500mm K\u00f5rgus 2500mm Laius 2500mm\" \/>\n<meta property=\"og:url\" content=\"https:\/\/veoautovaruosad.ee\/fi\/toode\/scania-p310-4x2-2004-a-euro3\/\" \/>\n<meta property=\"og:site_name\" content=\"VptGrupp\" \/>\n<meta property=\"article:publisher\" content=\"https:\/\/www.facebook.com\/profile.php?id=100063820941276\" \/>\n<meta property=\"article:modified_time\" content=\"2024-07-11T12:38:01+00:00\" \/>\n<meta property=\"og:image\" content=\"https:\/\/veoautovaruosad.ee\/wp-content\/uploads\/2024\/07\/SC-furgoon-3.jpg\" \/>\n\t<meta property=\"og:image:width\" content=\"481\" \/>\n\t<meta property=\"og:image:height\" content=\"640\" \/>\n\t<meta property=\"og:image:type\" content=\"image\/jpeg\" \/>\n<meta name=\"twitter:card\" content=\"summary_large_image\" \/>\n<script type=\"application\/ld+json\" class=\"yoast-schema-graph\">{\"@context\":\"https:\/\/schema.org\",\"@graph\":[{\"@type\":\"WebPage\",\"@id\":\"https:\/\/veoautovaruosad.ee\/fi\/toode\/scania-p310-4x2-2004-a-euro3\/\",\"url\":\"https:\/\/veoautovaruosad.ee\/fi\/toode\/scania-p310-4x2-2004-a-euro3\/\",\"name\":\"Scania P310, 4X2, 2004.a. Euro3 Manual - VptGrupp\",\"isPartOf\":{\"@id\":\"https:\/\/veoautovaruosad.ee\/fi\/#website\"},\"datePublished\":\"2024-07-11T12:34:04+00:00\",\"dateModified\":\"2024-07-11T12:38:01+00:00\",\"breadcrumb\":{\"@id\":\"https:\/\/veoautovaruosad.ee\/fi\/toode\/scania-p310-4x2-2004-a-euro3\/#breadcrumb\"},\"inLanguage\":\"fi\",\"potentialAction\":[{\"@type\":\"ReadAction\",\"target\":[\"https:\/\/veoautovaruosad.ee\/fi\/toode\/scania-p310-4x2-2004-a-euro3\/\"]}]},{\"@type\":\"BreadcrumbList\",\"@id\":\"https:\/\/veoautovaruosad.ee\/fi\/toode\/scania-p310-4x2-2004-a-euro3\/#breadcrumb\",\"itemListElement\":[{\"@type\":\"ListItem\",\"position\":1,\"name\":\"Home\",\"item\":\"https:\/\/veoautovaruosad.ee\/fi\/\"},{\"@type\":\"ListItem\",\"position\":2,\"name\":\"Tuoteluettelo\",\"item\":\"https:\/\/veoautovaruosad.ee\/fi\/tuoteluettelo\/\"},{\"@type\":\"ListItem\",\"position\":3,\"name\":\"Scania P310, 4X2, 2004.a. Euro3 Manual\"}]},{\"@type\":\"WebSite\",\"@id\":\"https:\/\/veoautovaruosad.ee\/fi\/#website\",\"url\":\"https:\/\/veoautovaruosad.ee\/fi\/\",\"name\":\"Veoautovaruosad\",\"description\":\"Veoautovaruosad\",\"publisher\":{\"@id\":\"https:\/\/veoautovaruosad.ee\/fi\/#organization\"},\"alternateName\":\"VptGrupp\",\"potentialAction\":[{\"@type\":\"SearchAction\",\"target\":{\"@type\":\"EntryPoint\",\"urlTemplate\":\"https:\/\/veoautovaruosad.ee\/fi\/?s={search_term_string}\"},\"query-input\":\"required name=search_term_string\"}],\"inLanguage\":\"fi\"},{\"@type\":\"Organization\",\"@id\":\"https:\/\/veoautovaruosad.ee\/fi\/#organization\",\"name\":\"Veoautovaruosad\",\"alternateName\":\"VptGrupp\",\"url\":\"https:\/\/veoautovaruosad.ee\/fi\/\",\"logo\":{\"@type\":\"ImageObject\",\"inLanguage\":\"fi\",\"@id\":\"https:\/\/veoautovaruosad.ee\/fi\/#\/schema\/logo\/image\/\",\"url\":\"https:\/\/veoautovaruosad.ee\/wp-content\/uploads\/2023\/05\/Uus-Projekt-1.jpg\",\"contentUrl\":\"https:\/\/veoautovaruosad.ee\/wp-content\/uploads\/2023\/05\/Uus-Projekt-1.jpg\",\"width\":600,\"height\":400,\"caption\":\"Veoautovaruosad\"},\"image\":{\"@id\":\"https:\/\/veoautovaruosad.ee\/fi\/#\/schema\/logo\/image\/\"},\"sameAs\":[\"https:\/\/www.facebook.com\/profile.php?id=100063820941276\"]}]}<\/script>\n<!-- \/ Yoast SEO plugin. -->","yoast_head_json":{"title":"Scania P310, 4X2, 2004.a. Euro3 Manual - VptGrupp","robots":{"index":"index","follow":"follow","max-snippet":"max-snippet:-1","max-image-preview":"max-image-preview:large","max-video-preview":"max-video-preview:-1"},"canonical":"https:\/\/veoautovaruosad.ee\/fi\/toode\/scania-p310-4x2-2004-a-euro3\/","og_locale":"fi_FI","og_type":"article","og_title":"Scania P310, 4X2, 2004.a. Euro3 Manual - VptGrupp","og_description":"Mootor DC9 11 310hp K\u00e4igukast GR801 manual Reduktor R660 3,42  FURGOONI M\u00d5\u00d5DUD: Pikkus 7500mm K\u00f5rgus 2500mm Laius 2500mm","og_url":"https:\/\/veoautovaruosad.ee\/fi\/toode\/scania-p310-4x2-2004-a-euro3\/","og_site_name":"VptGrupp","article_publisher":"https:\/\/www.facebook.com\/profile.php?id=100063820941276","article_modified_time":"2024-07-11T12:38:01+00:00","og_image":[{"width":481,"height":640,"url":"https:\/\/veoautovaruosad.ee\/wp-content\/uploads\/2024\/07\/SC-furgoon-3.jpg","type":"image\/jpeg"}],"twitter_card":"summary_large_image","schema":{"@context":"https:\/\/schema.org","@graph":[{"@type":"WebPage","@id":"https:\/\/veoautovaruosad.ee\/fi\/toode\/scania-p310-4x2-2004-a-euro3\/","url":"https:\/\/veoautovaruosad.ee\/fi\/toode\/scania-p310-4x2-2004-a-euro3\/","name":"Scania P310, 4X2, 2004.a. Euro3 Manual - VptGrupp","isPartOf":{"@id":"https:\/\/veoautovaruosad.ee\/fi\/#website"},"datePublished":"2024-07-11T12:34:04+00:00","dateModified":"2024-07-11T12:38:01+00:00","breadcrumb":{"@id":"https:\/\/veoautovaruosad.ee\/fi\/toode\/scania-p310-4x2-2004-a-euro3\/#breadcrumb"},"inLanguage":"fi","potentialAction":[{"@type":"ReadAction","target":["https:\/\/veoautovaruosad.ee\/fi\/toode\/scania-p310-4x2-2004-a-euro3\/"]}]},{"@type":"BreadcrumbList","@id":"https:\/\/veoautovaruosad.ee\/fi\/toode\/scania-p310-4x2-2004-a-euro3\/#breadcrumb","itemListElement":[{"@type":"ListItem","position":1,"name":"Home","item":"https:\/\/veoautovaruosad.ee\/fi\/"},{"@type":"ListItem","position":2,"name":"Tuoteluettelo","item":"https:\/\/veoautovaruosad.ee\/fi\/tuoteluettelo\/"},{"@type":"ListItem","position":3,"name":"Scania P310, 4X2, 2004.a. Euro3 Manual"}]},{"@type":"WebSite","@id":"https:\/\/veoautovaruosad.ee\/fi\/#website","url":"https:\/\/veoautovaruosad.ee\/fi\/","name":"Veoautovaruosad","description":"Veoautovaruosad","publisher":{"@id":"https:\/\/veoautovaruosad.ee\/fi\/#organization"},"alternateName":"VptGrupp","potentialAction":[{"@type":"SearchAction","target":{"@type":"EntryPoint","urlTemplate":"https:\/\/veoautovaruosad.ee\/fi\/?s={search_term_string}"},"query-input":"required name=search_term_string"}],"inLanguage":"fi"},{"@type":"Organization","@id":"https:\/\/veoautovaruosad.ee\/fi\/#organization","name":"Veoautovaruosad","alternateName":"VptGrupp","url":"https:\/\/veoautovaruosad.ee\/fi\/","logo":{"@type":"ImageObject","inLanguage":"fi","@id":"https:\/\/veoautovaruosad.ee\/fi\/#\/schema\/logo\/image\/","url":"https:\/\/veoautovaruosad.ee\/wp-content\/uploads\/2023\/05\/Uus-Projekt-1.jpg","contentUrl":"https:\/\/veoautovaruosad.ee\/wp-content\/uploads\/2023\/05\/Uus-Projekt-1.jpg","width":600,"height":400,"caption":"Veoautovaruosad"},"image":{"@id":"https:\/\/veoautovaruosad.ee\/fi\/#\/schema\/logo\/image\/"},"sameAs":["https:\/\/www.facebook.com\/profile.php?id=100063820941276"]}]}},"_links":{"self":[{"href":"https:\/\/veoautovaruosad.ee\/fi\/wp-json\/wp\/v2\/product\/3547","targetHints":{"allow":["GET"]}}],"collection":[{"href":"https:\/\/veoautovaruosad.ee\/fi\/wp-json\/wp\/v2\/product"}],"about":[{"href":"https:\/\/veoautovaruosad.ee\/fi\/wp-json\/wp\/v2\/types\/product"}],"wp:featuredmedia":[{"embeddable":true,"href":"https:\/\/veoautovaruosad.ee\/fi\/wp-json\/wp\/v2\/media\/3560"}],"wp:attachment":[{"href":"https:\/\/veoautovaruosad.ee\/fi\/wp-json\/wp\/v2\/media?parent=3547"}],"wp:term":[{"taxonomy":"product_cat","embeddable":true,"href":"https:\/\/veoautovaruosad.ee\/fi\/wp-json\/wp\/v2\/product_cat?post=3547"},{"taxonomy":"product_tag","embeddable":true,"href":"https:\/\/veoautovaruosad.ee\/fi\/wp-json\/wp\/v2\/product_tag?post=3547"}],"curies":[{"name":"wp","href":"https:\/\/api.w.org\/{rel}","templated":true}]}}